{"id":17,"date":"2023-09-08T15:31:33","date_gmt":"2023-09-08T15:31:33","guid":{"rendered":"https:\/\/manguerasbicolor.com.co\/?page_id=17"},"modified":"2023-09-20T00:04:43","modified_gmt":"2023-09-20T00:04:43","slug":"fabricacion","status":"publish","type":"page","link":"https:\/\/manguerasbicolor.com.co\/?page_id=17","title":{"rendered":"Fabricacion"},"content":{"rendered":"\t\t<div data-elementor-type=\"wp-page\" data-elementor-id=\"17\" class=\"elementor elementor-17\" data-elementor-post-type=\"page\">\n\t\t\t\t\t\t<section class=\"elementor-section elementor-top-section elementor-element elementor-element-1a5a611 elementor-section-stretched elementor-section-boxed elementor-section-height-default elementor-section-height-default\" data-id=\"1a5a611\" data-element_type=\"section\" data-e-type=\"section\" data-settings=\"{&quot;stretch_section&quot;:&quot;section-stretched&quot;,&quot;background_background&quot;:&quot;classic&quot;}\">\n\t\t\t\t\t\t<div class=\"elementor-container elementor-column-gap-default\">\n\t\t\t\t\t<div class=\"elementor-column elementor-col-100 elementor-top-column elementor-element elementor-element-b7618a1\" data-id=\"b7618a1\" data-element_type=\"column\" data-e-type=\"column\">\n\t\t\t<div class=\"elementor-widget-wrap elementor-element-populated\">\n\t\t\t\t\t\t<div class=\"elementor-element elementor-element-52b770d e-transform elementor-widget elementor-widget-heading\" data-id=\"52b770d\" data-element_type=\"widget\" data-e-type=\"widget\" data-settings=\"{&quot;_transform_scale_effect&quot;:{&quot;unit&quot;:&quot;px&quot;,&quot;size&quot;:&quot;&quot;,&quot;sizes&quot;:[]},&quot;_transform_scale_effect_tablet&quot;:{&quot;unit&quot;:&quot;px&quot;,&quot;size&quot;:&quot;&quot;,&quot;sizes&quot;:[]},&quot;_transform_scale_effect_mobile&quot;:{&quot;unit&quot;:&quot;px&quot;,&quot;size&quot;:&quot;&quot;,&quot;sizes&quot;:[]}}\" data-widget_type=\"heading.default\">\n\t\t\t\t<div class=\"elementor-widget-container\">\n\t\t\t\t\t<h2 class=\"elementor-heading-title elementor-size-default\">Mangueras de Polietileno<\/h2>\t\t\t\t<\/div>\n\t\t\t\t<\/div>\n\t\t\t\t\t<\/div>\n\t\t<\/div>\n\t\t\t\t\t<\/div>\n\t\t<\/section>\n\t\t\t\t<section class=\"elementor-section elementor-top-section elementor-element elementor-element-b3b19ba elementor-section-boxed elementor-section-height-default elementor-section-height-default\" data-id=\"b3b19ba\" data-element_type=\"section\" data-e-type=\"section\">\n\t\t\t\t\t\t<div class=\"elementor-container elementor-column-gap-default\">\n\t\t\t\t\t<div class=\"elementor-column elementor-col-100 elementor-top-column elementor-element elementor-element-c21d822\" data-id=\"c21d822\" data-element_type=\"column\" data-e-type=\"column\">\n\t\t\t<div class=\"elementor-widget-wrap elementor-element-populated\">\n\t\t\t\t\t\t<div class=\"elementor-element elementor-element-e9d0f66 elementor-widget elementor-widget-spacer\" data-id=\"e9d0f66\" data-element_type=\"widget\" data-e-type=\"widget\" data-widget_type=\"spacer.default\">\n\t\t\t\t<div class=\"elementor-widget-container\">\n\t\t\t\t\t\t\t<div class=\"elementor-spacer\">\n\t\t\t<div class=\"elementor-spacer-inner\"><\/div>\n\t\t<\/div>\n\t\t\t\t\t\t<\/div>\n\t\t\t\t<\/div>\n\t\t\t\t\t<\/div>\n\t\t<\/div>\n\t\t\t\t\t<\/div>\n\t\t<\/section>\n\t\t\t\t<section class=\"elementor-section elementor-top-section elementor-element elementor-element-f8bfc01 elementor-section-boxed elementor-section-height-default elementor-section-height-default\" data-id=\"f8bfc01\" data-element_type=\"section\" data-e-type=\"section\">\n\t\t\t\t\t\t<div class=\"elementor-container elementor-column-gap-default\">\n\t\t\t\t\t<div class=\"elementor-column elementor-col-100 elementor-top-column elementor-element elementor-element-0316ae2\" data-id=\"0316ae2\" data-element_type=\"column\" data-e-type=\"column\">\n\t\t\t<div class=\"elementor-widget-wrap elementor-element-populated\">\n\t\t\t\t\t\t<div class=\"elementor-element elementor-element-62a2732 elementor-widget elementor-widget-heading\" data-id=\"62a2732\" data-element_type=\"widget\" data-e-type=\"widget\" data-widget_type=\"heading.default\">\n\t\t\t\t<div class=\"elementor-widget-container\">\n\t\t\t\t\t<h2 class=\"elementor-heading-title elementor-size-default\"><h3 dir=\"auto\" style=\"margin-bottom: 0px;font-family: var(--h3-font-family);font-size: var(--fontSizeDesktop, var(--h3-font-size));font-weight: var(--h3-font-weight);line-height: var(--lineHeightDesktop, var(--h3-line-height));letter-spacing: var(--h3-letter-spacing);text-align: center;--lineHeightMobile: 1.3;--lineHeightDesktop: 1.3;--fontSizeMobile: 24px;--fontSizeDesktop: 24px\"><strong style=\"padding: 0px;margin: 0px;color: inherit\">Fabricaci\u00f3n a Medida para Resultados Sobresalientes<\/strong><\/h3><\/h2>\t\t\t\t<\/div>\n\t\t\t\t<\/div>\n\t\t\t\t\t<\/div>\n\t\t<\/div>\n\t\t\t\t\t<\/div>\n\t\t<\/section>\n\t\t\t\t<section class=\"elementor-section elementor-top-section elementor-element elementor-element-f3c3945 elementor-section-boxed elementor-section-height-default elementor-section-height-default\" data-id=\"f3c3945\" data-element_type=\"section\" data-e-type=\"section\">\n\t\t\t\t\t\t<div class=\"elementor-container elementor-column-gap-default\">\n\t\t\t\t\t<div class=\"elementor-column elementor-col-50 elementor-top-column elementor-element elementor-element-5fe96d7\" data-id=\"5fe96d7\" data-element_type=\"column\" data-e-type=\"column\">\n\t\t\t<div class=\"elementor-widget-wrap elementor-element-populated\">\n\t\t\t\t\t\t<div class=\"elementor-element elementor-element-c6588fa elementor-widget elementor-widget-text-editor\" data-id=\"c6588fa\" data-element_type=\"widget\" data-e-type=\"widget\" data-widget_type=\"text-editor.default\">\n\t\t\t\t<div class=\"elementor-widget-container\">\n\t\t\t\t\t\t\t\t\t<h3 dir=\"auto\" style=\"text-align: center;\"><strong>1. Materiales Premium<\/strong><\/h3><p class=\"body\" dir=\"auto\" style=\"text-align: center;\">Comenzamos con materiales de primera calidad. Seleccionamos cuidadosamente polietileno y otros componentes que cumplen con los est\u00e1ndares m\u00e1s exigentes, asegurando que nuestros productos sean resistentes, duraderos y confiables en todo momento.<\/p>\t\t\t\t\t\t\t\t<\/div>\n\t\t\t\t<\/div>\n\t\t\t\t\t<\/div>\n\t\t<\/div>\n\t\t\t\t<div class=\"elementor-column elementor-col-50 elementor-top-column elementor-element elementor-element-ae034aa\" data-id=\"ae034aa\" data-element_type=\"column\" data-e-type=\"column\">\n\t\t\t<div class=\"elementor-widget-wrap elementor-element-populated\">\n\t\t\t\t\t\t<div class=\"elementor-element elementor-element-e55ad0b elementor-widget elementor-widget-image\" data-id=\"e55ad0b\" data-element_type=\"widget\" data-e-type=\"widget\" data-widget_type=\"image.default\">\n\t\t\t\t<div class=\"elementor-widget-container\">\n\t\t\t\t\t\t\t\t\t\t\t\t\t\t\t<img fetchpriority=\"high\" decoding=\"async\" width=\"950\" height=\"641\" src=\"https:\/\/manguerasbicolor.com.co\/wp-content\/uploads\/2023\/09\/Captura-de-pantalla-2023-09-19-a-las-6.14.10-p.m-1024x691.png\" class=\"attachment-large size-large wp-image-526\" alt=\"\" srcset=\"https:\/\/manguerasbicolor.com.co\/wp-content\/uploads\/2023\/09\/Captura-de-pantalla-2023-09-19-a-las-6.14.10-p.m-1024x691.png 1024w, https:\/\/manguerasbicolor.com.co\/wp-content\/uploads\/2023\/09\/Captura-de-pantalla-2023-09-19-a-las-6.14.10-p.m-300x202.png 300w, https:\/\/manguerasbicolor.com.co\/wp-content\/uploads\/2023\/09\/Captura-de-pantalla-2023-09-19-a-las-6.14.10-p.m-768x518.png 768w, https:\/\/manguerasbicolor.com.co\/wp-content\/uploads\/2023\/09\/Captura-de-pantalla-2023-09-19-a-las-6.14.10-p.m-600x405.png 600w, https:\/\/manguerasbicolor.com.co\/wp-content\/uploads\/2023\/09\/Captura-de-pantalla-2023-09-19-a-las-6.14.10-p.m.png 1266w\" sizes=\"100vw\" \/>\t\t\t\t\t\t\t\t\t\t\t\t\t\t\t<\/div>\n\t\t\t\t<\/div>\n\t\t\t\t\t<\/div>\n\t\t<\/div>\n\t\t\t\t\t<\/div>\n\t\t<\/section>\n\t\t\t\t<section class=\"elementor-section elementor-top-section elementor-element elementor-element-ef9698e elementor-section-boxed elementor-section-height-default elementor-section-height-default\" data-id=\"ef9698e\" data-element_type=\"section\" data-e-type=\"section\">\n\t\t\t\t\t\t<div class=\"elementor-container elementor-column-gap-default\">\n\t\t\t\t\t<div class=\"elementor-column elementor-col-50 elementor-top-column elementor-element elementor-element-6bfb699\" data-id=\"6bfb699\" data-element_type=\"column\" data-e-type=\"column\">\n\t\t\t<div class=\"elementor-widget-wrap elementor-element-populated\">\n\t\t\t\t\t\t<div class=\"elementor-element elementor-element-915470d elementor-widget elementor-widget-image\" data-id=\"915470d\" data-element_type=\"widget\" data-e-type=\"widget\" data-widget_type=\"image.default\">\n\t\t\t\t<div class=\"elementor-widget-container\">\n\t\t\t\t\t\t\t\t\t\t\t\t\t\t\t<img decoding=\"async\" src=\"https:\/\/manguerasbicolor.com.co\/wp-content\/uploads\/2023\/09\/240606674_1410941855965951_1770857619451253833_n-1.jpg\" title=\"240606674_1410941855965951_1770857619451253833_n\" alt=\"240606674_1410941855965951_1770857619451253833_n\" loading=\"lazy\" \/>\t\t\t\t\t\t\t\t\t\t\t\t\t\t\t<\/div>\n\t\t\t\t<\/div>\n\t\t\t\t\t<\/div>\n\t\t<\/div>\n\t\t\t\t<div class=\"elementor-column elementor-col-50 elementor-top-column elementor-element elementor-element-d2804dc\" data-id=\"d2804dc\" data-element_type=\"column\" data-e-type=\"column\">\n\t\t\t<div class=\"elementor-widget-wrap elementor-element-populated\">\n\t\t\t\t\t\t<div class=\"elementor-element elementor-element-d1574eb elementor-widget elementor-widget-text-editor\" data-id=\"d1574eb\" data-element_type=\"widget\" data-e-type=\"widget\" data-widget_type=\"text-editor.default\">\n\t\t\t\t<div class=\"elementor-widget-container\">\n\t\t\t\t\t\t\t\t\t<h3 dir=\"auto\" style=\"text-align: center;\"><strong>2. Tecnolog\u00eda Avanzada<\/strong><\/h3><p class=\"body\" dir=\"auto\" style=\"text-align: center;\">Nuestra f\u00e1brica est\u00e1 equipada con tecnolog\u00eda de vanguardia que nos permite producir accesorios y soluciones de alta calidad de manera eficiente. Desde la extrusi\u00f3n de mangueras hasta la creaci\u00f3n de componentes especializados, nuestro proceso de fabricaci\u00f3n es meticuloso y controlado.<\/p>\t\t\t\t\t\t\t\t<\/div>\n\t\t\t\t<\/div>\n\t\t\t\t\t<\/div>\n\t\t<\/div>\n\t\t\t\t\t<\/div>\n\t\t<\/section>\n\t\t\t\t<section class=\"elementor-section elementor-top-section elementor-element elementor-element-bbc0ce5 elementor-section-boxed elementor-section-height-default elementor-section-height-default\" data-id=\"bbc0ce5\" data-element_type=\"section\" data-e-type=\"section\">\n\t\t\t\t\t\t<div class=\"elementor-container elementor-column-gap-default\">\n\t\t\t\t\t<div class=\"elementor-column elementor-col-50 elementor-top-column elementor-element elementor-element-2aadd96\" data-id=\"2aadd96\" data-element_type=\"column\" data-e-type=\"column\">\n\t\t\t<div class=\"elementor-widget-wrap elementor-element-populated\">\n\t\t\t\t\t\t<div class=\"elementor-element elementor-element-ed1d52a elementor-widget elementor-widget-text-editor\" data-id=\"ed1d52a\" data-element_type=\"widget\" data-e-type=\"widget\" data-widget_type=\"text-editor.default\">\n\t\t\t\t<div class=\"elementor-widget-container\">\n\t\t\t\t\t\t\t\t\t<h3 dir=\"auto\" style=\"text-align: center;\"><strong>3. Control de Calidad Riguroso<\/strong><\/h3><p class=\"body\" dir=\"auto\" style=\"text-align: center;\">Cada producto que sale de nuestras instalaciones pasa por un riguroso proceso de control de calidad. Realizamos pruebas y verificaciones exhaustivas para garantizar que cumplen con nuestros est\u00e1ndares y las expectativas de nuestros clientes.<\/p>\t\t\t\t\t\t\t\t<\/div>\n\t\t\t\t<\/div>\n\t\t\t\t\t<\/div>\n\t\t<\/div>\n\t\t\t\t<div class=\"elementor-column elementor-col-50 elementor-top-column elementor-element elementor-element-0d333ef\" data-id=\"0d333ef\" data-element_type=\"column\" data-e-type=\"column\">\n\t\t\t<div class=\"elementor-widget-wrap elementor-element-populated\">\n\t\t\t\t\t\t<div class=\"elementor-element elementor-element-17424ed elementor-widget elementor-widget-image\" data-id=\"17424ed\" data-element_type=\"widget\" data-e-type=\"widget\" data-widget_type=\"image.default\">\n\t\t\t\t<div class=\"elementor-widget-container\">\n\t\t\t\t\t\t\t\t\t\t\t\t\t\t\t<img decoding=\"async\" width=\"950\" height=\"541\" src=\"https:\/\/manguerasbicolor.com.co\/wp-content\/uploads\/2023\/09\/Captura-de-pantalla-2023-09-19-a-las-6.36.37-p.m-1024x583.png\" class=\"attachment-large size-large wp-image-542\" alt=\"\" srcset=\"https:\/\/manguerasbicolor.com.co\/wp-content\/uploads\/2023\/09\/Captura-de-pantalla-2023-09-19-a-las-6.36.37-p.m-1024x583.png 1024w, https:\/\/manguerasbicolor.com.co\/wp-content\/uploads\/2023\/09\/Captura-de-pantalla-2023-09-19-a-las-6.36.37-p.m-300x171.png 300w, https:\/\/manguerasbicolor.com.co\/wp-content\/uploads\/2023\/09\/Captura-de-pantalla-2023-09-19-a-las-6.36.37-p.m-768x437.png 768w, https:\/\/manguerasbicolor.com.co\/wp-content\/uploads\/2023\/09\/Captura-de-pantalla-2023-09-19-a-las-6.36.37-p.m-600x342.png 600w, https:\/\/manguerasbicolor.com.co\/wp-content\/uploads\/2023\/09\/Captura-de-pantalla-2023-09-19-a-las-6.36.37-p.m.png 1120w\" sizes=\"100vw\" \/>\t\t\t\t\t\t\t\t\t\t\t\t\t\t\t<\/div>\n\t\t\t\t<\/div>\n\t\t\t\t\t<\/div>\n\t\t<\/div>\n\t\t\t\t\t<\/div>\n\t\t<\/section>\n\t\t\t\t<section class=\"elementor-section elementor-top-section elementor-element elementor-element-97bd22d elementor-section-boxed elementor-section-height-default elementor-section-height-default\" data-id=\"97bd22d\" data-element_type=\"section\" data-e-type=\"section\">\n\t\t\t\t\t\t<div class=\"elementor-container elementor-column-gap-default\">\n\t\t\t\t\t<div class=\"elementor-column elementor-col-100 elementor-top-column elementor-element elementor-element-3e3e3a1\" data-id=\"3e3e3a1\" data-element_type=\"column\" data-e-type=\"column\">\n\t\t\t<div class=\"elementor-widget-wrap elementor-element-populated\">\n\t\t\t\t\t\t<div class=\"elementor-element elementor-element-4445a01 elementor-widget elementor-widget-heading\" data-id=\"4445a01\" data-element_type=\"widget\" data-e-type=\"widget\" data-widget_type=\"heading.default\">\n\t\t\t\t<div class=\"elementor-widget-container\">\n\t\t\t\t\t<h2 class=\"elementor-heading-title elementor-size-default\">Nuestro Compromiso con la Calidad y la Fabricaci\u00f3n de Excelencia<\/h2>\t\t\t\t<\/div>\n\t\t\t\t<\/div>\n\t\t\t\t\t<\/div>\n\t\t<\/div>\n\t\t\t\t\t<\/div>\n\t\t<\/section>\n\t\t\t\t<section class=\"elementor-section elementor-top-section elementor-element elementor-element-3aa9d21 elementor-section-stretched elementor-section-boxed elementor-section-height-default elementor-section-height-default\" data-id=\"3aa9d21\" data-element_type=\"section\" data-e-type=\"section\" data-settings=\"{&quot;stretch_section&quot;:&quot;section-stretched&quot;}\">\n\t\t\t\t\t\t<div class=\"elementor-container elementor-column-gap-default\">\n\t\t\t\t\t<div class=\"elementor-column elementor-col-100 elementor-top-column elementor-element elementor-element-4f3fbe6\" data-id=\"4f3fbe6\" data-element_type=\"column\" data-e-type=\"column\" data-settings=\"{&quot;background_background&quot;:&quot;classic&quot;}\">\n\t\t\t<div class=\"elementor-widget-wrap elementor-element-populated\">\n\t\t\t\t\t\t<div class=\"elementor-element elementor-element-efe4e5f elementor-widget elementor-widget-gallery\" data-id=\"efe4e5f\" data-element_type=\"widget\" data-e-type=\"widget\" data-settings=\"{&quot;gallery_layout&quot;:&quot;justified&quot;,&quot;gap&quot;:{&quot;unit&quot;:&quot;px&quot;,&quot;size&quot;:6,&quot;sizes&quot;:[]},&quot;lazyload&quot;:&quot;yes&quot;,&quot;ideal_row_height&quot;:{&quot;unit&quot;:&quot;px&quot;,&quot;size&quot;:200,&quot;sizes&quot;:[]},&quot;ideal_row_height_tablet&quot;:{&quot;unit&quot;:&quot;px&quot;,&quot;size&quot;:150,&quot;sizes&quot;:[]},&quot;ideal_row_height_mobile&quot;:{&quot;unit&quot;:&quot;px&quot;,&quot;size&quot;:150,&quot;sizes&quot;:[]},&quot;gap_tablet&quot;:{&quot;unit&quot;:&quot;px&quot;,&quot;size&quot;:10,&quot;sizes&quot;:[]},&quot;gap_mobile&quot;:{&quot;unit&quot;:&quot;px&quot;,&quot;size&quot;:10,&quot;sizes&quot;:[]},&quot;link_to&quot;:&quot;file&quot;,&quot;overlay_background&quot;:&quot;yes&quot;,&quot;content_hover_animation&quot;:&quot;fade-in&quot;}\" data-widget_type=\"gallery.default\">\n\t\t\t\t<div class=\"elementor-widget-container\">\n\t\t\t\t\t\t\t<div class=\"elementor-gallery__container\">\n\t\t\t\t\t\t\t<a class=\"e-gallery-item elementor-gallery-item elementor-animated-content\" href=\"https:\/\/manguerasbicolor.com.co\/wp-content\/uploads\/2023\/09\/275534350_728340895216206_3270464236939364742_n.jpg\" data-elementor-open-lightbox=\"yes\" data-elementor-lightbox-slideshow=\"efe4e5f\" data-elementor-lightbox-title=\"275534350_728340895216206_3270464236939364742_n\" data-e-action-hash=\"#elementor-action%3Aaction%3Dlightbox%26settings%3DeyJpZCI6NTU0LCJ1cmwiOiJodHRwczpcL1wvbWFuZ3VlcmFzYmljb2xvci5jb20uY29cL3dwLWNvbnRlbnRcL3VwbG9hZHNcLzIwMjNcLzA5XC8yNzU1MzQzNTBfNzI4MzQwODk1MjE2MjA2XzMyNzA0NjQyMzY5MzkzNjQ3NDJfbi5qcGciLCJzbGlkZXNob3ciOiJlZmU0ZTVmIn0%3D\">\n\t\t\t\t\t<div class=\"e-gallery-image elementor-gallery-item__image\" data-thumbnail=\"https:\/\/manguerasbicolor.com.co\/wp-content\/uploads\/2023\/09\/275534350_728340895216206_3270464236939364742_n-300x300.jpg\" data-width=\"300\" data-height=\"300\" aria-label=\"\" role=\"img\" ><\/div>\n\t\t\t\t\t\t\t\t\t\t\t<div class=\"elementor-gallery-item__overlay\"><\/div>\n\t\t\t\t\t\t\t\t\t\t\t\t\t\t<\/a>\n\t\t\t\t\t\t\t<a class=\"e-gallery-item elementor-gallery-item elementor-animated-content\" href=\"https:\/\/manguerasbicolor.com.co\/wp-content\/uploads\/2023\/09\/249849643_397353438549623_5765547113839068913_n.jpg\" data-elementor-open-lightbox=\"yes\" data-elementor-lightbox-slideshow=\"efe4e5f\" data-elementor-lightbox-title=\"249849643_397353438549623_5765547113839068913_n\" data-e-action-hash=\"#elementor-action%3Aaction%3Dlightbox%26settings%3DeyJpZCI6NTUzLCJ1cmwiOiJodHRwczpcL1wvbWFuZ3VlcmFzYmljb2xvci5jb20uY29cL3dwLWNvbnRlbnRcL3VwbG9hZHNcLzIwMjNcLzA5XC8yNDk4NDk2NDNfMzk3MzUzNDM4NTQ5NjIzXzU3NjU1NDcxMTM4MzkwNjg5MTNfbi5qcGciLCJzbGlkZXNob3ciOiJlZmU0ZTVmIn0%3D\">\n\t\t\t\t\t<div class=\"e-gallery-image elementor-gallery-item__image\" data-thumbnail=\"https:\/\/manguerasbicolor.com.co\/wp-content\/uploads\/2023\/09\/249849643_397353438549623_5765547113839068913_n-300x300.jpg\" data-width=\"300\" data-height=\"300\" aria-label=\"\" role=\"img\" ><\/div>\n\t\t\t\t\t\t\t\t\t\t\t<div class=\"elementor-gallery-item__overlay\"><\/div>\n\t\t\t\t\t\t\t\t\t\t\t\t\t\t<\/a>\n\t\t\t\t\t\t\t<a class=\"e-gallery-item elementor-gallery-item elementor-animated-content\" href=\"https:\/\/manguerasbicolor.com.co\/wp-content\/uploads\/2023\/09\/230617665_263553495204501_2099005159858102801_n.jpg\" data-elementor-open-lightbox=\"yes\" data-elementor-lightbox-slideshow=\"efe4e5f\" data-elementor-lightbox-title=\"230617665_263553495204501_2099005159858102801_n\" data-e-action-hash=\"#elementor-action%3Aaction%3Dlightbox%26settings%3DeyJpZCI6NTUyLCJ1cmwiOiJodHRwczpcL1wvbWFuZ3VlcmFzYmljb2xvci5jb20uY29cL3dwLWNvbnRlbnRcL3VwbG9hZHNcLzIwMjNcLzA5XC8yMzA2MTc2NjVfMjYzNTUzNDk1MjA0NTAxXzIwOTkwMDUxNTk4NTgxMDI4MDFfbi5qcGciLCJzbGlkZXNob3ciOiJlZmU0ZTVmIn0%3D\">\n\t\t\t\t\t<div class=\"e-gallery-image elementor-gallery-item__image\" data-thumbnail=\"https:\/\/manguerasbicolor.com.co\/wp-content\/uploads\/2023\/09\/230617665_263553495204501_2099005159858102801_n-240x300.jpg\" data-width=\"240\" data-height=\"300\" aria-label=\"\" role=\"img\" ><\/div>\n\t\t\t\t\t\t\t\t\t\t\t<div class=\"elementor-gallery-item__overlay\"><\/div>\n\t\t\t\t\t\t\t\t\t\t\t\t\t\t<\/a>\n\t\t\t\t\t\t\t<a class=\"e-gallery-item elementor-gallery-item elementor-animated-content\" href=\"https:\/\/manguerasbicolor.com.co\/wp-content\/uploads\/2023\/09\/246303408_864691894232175_3949514140938268756_n.jpg\" data-elementor-open-lightbox=\"yes\" data-elementor-lightbox-slideshow=\"efe4e5f\" data-elementor-lightbox-title=\"246303408_864691894232175_3949514140938268756_n\" data-e-action-hash=\"#elementor-action%3Aaction%3Dlightbox%26settings%3DeyJpZCI6NTUxLCJ1cmwiOiJodHRwczpcL1wvbWFuZ3VlcmFzYmljb2xvci5jb20uY29cL3dwLWNvbnRlbnRcL3VwbG9hZHNcLzIwMjNcLzA5XC8yNDYzMDM0MDhfODY0NjkxODk0MjMyMTc1XzM5NDk1MTQxNDA5MzgyNjg3NTZfbi5qcGciLCJzbGlkZXNob3ciOiJlZmU0ZTVmIn0%3D\">\n\t\t\t\t\t<div class=\"e-gallery-image elementor-gallery-item__image\" data-thumbnail=\"https:\/\/manguerasbicolor.com.co\/wp-content\/uploads\/2023\/09\/246303408_864691894232175_3949514140938268756_n-300x300.jpg\" data-width=\"300\" data-height=\"300\" aria-label=\"\" role=\"img\" ><\/div>\n\t\t\t\t\t\t\t\t\t\t\t<div class=\"elementor-gallery-item__overlay\"><\/div>\n\t\t\t\t\t\t\t\t\t\t\t\t\t\t<\/a>\n\t\t\t\t\t\t\t<a class=\"e-gallery-item elementor-gallery-item elementor-animated-content\" href=\"https:\/\/manguerasbicolor.com.co\/wp-content\/uploads\/2023\/09\/234139345_239776361347174_4420961351729270118_n.jpg\" data-elementor-open-lightbox=\"yes\" data-elementor-lightbox-slideshow=\"efe4e5f\" data-elementor-lightbox-title=\"234139345_239776361347174_4420961351729270118_n\" data-e-action-hash=\"#elementor-action%3Aaction%3Dlightbox%26settings%3DeyJpZCI6NTUwLCJ1cmwiOiJodHRwczpcL1wvbWFuZ3VlcmFzYmljb2xvci5jb20uY29cL3dwLWNvbnRlbnRcL3VwbG9hZHNcLzIwMjNcLzA5XC8yMzQxMzkzNDVfMjM5Nzc2MzYxMzQ3MTc0XzQ0MjA5NjEzNTE3MjkyNzAxMThfbi5qcGciLCJzbGlkZXNob3ciOiJlZmU0ZTVmIn0%3D\">\n\t\t\t\t\t<div class=\"e-gallery-image elementor-gallery-item__image\" data-thumbnail=\"https:\/\/manguerasbicolor.com.co\/wp-content\/uploads\/2023\/09\/234139345_239776361347174_4420961351729270118_n-240x300.jpg\" data-width=\"240\" data-height=\"300\" aria-label=\"\" role=\"img\" ><\/div>\n\t\t\t\t\t\t\t\t\t\t\t<div class=\"elementor-gallery-item__overlay\"><\/div>\n\t\t\t\t\t\t\t\t\t\t\t\t\t\t<\/a>\n\t\t\t\t\t<\/div>\n\t\t\t\t\t<\/div>\n\t\t\t\t<\/div>\n\t\t\t\t\t<\/div>\n\t\t<\/div>\n\t\t\t\t\t<\/div>\n\t\t<\/section>\n\t\t\t\t<\/div>\n\t\t","protected":false},"excerpt":{"rendered":"<p>Mangueras de Polietileno Fabricaci\u00f3n a Medida para Resultados Sobresalientes 1. Materiales Premium Comenzamos con materiales de primera calidad. Seleccionamos cuidadosamente polietileno y otros componentes que cumplen con los est\u00e1ndares m\u00e1s exigentes, asegurando que nuestros productos sean resistentes, duraderos y confiables en todo momento. 2. Tecnolog\u00eda Avanzada Nuestra f\u00e1brica est\u00e1 equipada con tecnolog\u00eda de vanguardia que &hellip; <\/p>\n<p class=\"link-more\"><a href=\"https:\/\/manguerasbicolor.com.co\/?page_id=17\" class=\"more-link\">Leer m\u00e1s<span class=\"screen-reader-text\"> \u00abFabricacion\u00bb<\/span><\/a><\/p>\n","protected":false},"author":1,"featured_media":0,"parent":0,"menu_order":0,"comment_status":"closed","ping_status":"closed","template":"","meta":{"_crdt_document":"","om_disable_all_campaigns":false,"footnotes":""},"class_list":["post-17","page","type-page","status-publish","hentry"],"_links":{"self":[{"href":"https:\/\/manguerasbicolor.com.co\/index.php?rest_route=\/wp\/v2\/pages\/17","targetHints":{"allow":["GET"]}}],"collection":[{"href":"https:\/\/manguerasbicolor.com.co\/index.php?rest_route=\/wp\/v2\/pages"}],"about":[{"href":"https:\/\/manguerasbicolor.com.co\/index.php?rest_route=\/wp\/v2\/types\/page"}],"author":[{"embeddable":true,"href":"https:\/\/manguerasbicolor.com.co\/index.php?rest_route=\/wp\/v2\/users\/1"}],"replies":[{"embeddable":true,"href":"https:\/\/manguerasbicolor.com.co\/index.php?rest_route=%2Fwp%2Fv2%2Fcomments&post=17"}],"version-history":[{"count":61,"href":"https:\/\/manguerasbicolor.com.co\/index.php?rest_route=\/wp\/v2\/pages\/17\/revisions"}],"predecessor-version":[{"id":573,"href":"https:\/\/manguerasbicolor.com.co\/index.php?rest_route=\/wp\/v2\/pages\/17\/revisions\/573"}],"wp:attachment":[{"href":"https:\/\/manguerasbicolor.com.co\/index.php?rest_route=%2Fwp%2Fv2%2Fmedia&parent=17"}],"curies":[{"name":"wp","href":"https:\/\/api.w.org\/{rel}","templated":true}]}}